{"id":12,"date":"2018-10-28T20:49:47","date_gmt":"2018-10-28T20:49:47","guid":{"rendered":"https:\/\/demo.wpslash.com\/woofood\/cart\/"},"modified":"2025-12-04T08:04:33","modified_gmt":"2025-12-04T08:04:33","slug":"cart","status":"publish","type":"page","link":"https:\/\/demo.wpslash.com\/woofood\/cart\/","title":{"rendered":"Cart"},"content":{"rendered":"\n<div data-block-name=\"woocommerce\/cart\" class=\"wp-block-woocommerce-cart alignwide is-loading\">\n<div data-block-name=\"woocommerce\/filled-cart-block\" class=\"wp-block-woocommerce-filled-cart-block\">\n<div data-block-name=\"woocommerce\/cart-items-block\" class=\"wp-block-woocommerce-cart-items-block\">\n<div data-block-name=\"woocommerce\/cart-line-items-block\" class=\"wp-block-woocommerce-cart-line-items-block\"><\/div>\n<\/div>\n\n\n\n<div data-block-name=\"woocommerce\/cart-totals-block\" class=\"wp-block-woocommerce-cart-totals-block\">\n<div data-block-name=\"woocommerce\/cart-order-summary-block\" class=\"wp-block-woocommerce-cart-order-summary-block\">\n<div data-block-name=\"woocommerce\/cart-order-summary-heading-block\" class=\"wp-block-woocommerce-cart-order-summary-heading-block\"><\/div>\n\n\n\n<div data-block-name=\"woocommerce\/cart-order-summary-coupon-form-block\" class=\"wp-block-woocommerce-cart-order-summary-coupon-form-block\"><\/div>\n\n\n\n<div data-block-name=\"woocommerce\/cart-order-summary-totals-block\" class=\"wp-block-woocommerce-cart-order-summary-totals-block\">\n<div data-block-name=\"woocommerce\/cart-order-summary-subtotal-block\" class=\"wp-block-woocommerce-cart-order-summary-subtotal-block\"><\/div>\n\n\n\n<div data-block-name=\"woocommerce\/cart-order-summary-fee-block\" class=\"wp-block-woocommerce-cart-order-summary-fee-block\"><\/div>\n\n\n\n<div data-block-name=\"woocommerce\/cart-order-summary-discount-block\" class=\"wp-block-woocommerce-cart-order-summary-discount-block\"><\/div>\n\n\n\n<div data-block-name=\"woocommerce\/cart-order-summary-shipping-block\" class=\"wp-block-woocommerce-cart-order-summary-shipping-block\"><\/div>\n\n\n\n<div data-block-name=\"woocommerce\/cart-order-summary-taxes-block\" class=\"wp-block-woocommerce-cart-order-summary-taxes-block\"><\/div>\n<\/div>\n<\/div>\n\n\n\n<div data-block-name=\"woocommerce\/cart-express-payment-block\" class=\"wp-block-woocommerce-cart-express-payment-block\"><\/div>\n\n\n\n<div data-block-name=\"woocommerce\/proceed-to-checkout-block\" class=\"wp-block-woocommerce-proceed-to-checkout-block\"><\/div>\n\n\n\n<div data-block-name=\"woocommerce\/cart-accepted-payment-methods-block\" class=\"wp-block-woocommerce-cart-accepted-payment-methods-block\"><\/div>\n<\/div>\n<\/div>\n\n\n\n<div data-block-name=\"woocommerce\/empty-cart-block\" class=\"wp-block-woocommerce-empty-cart-block\">\n<h2 class=\"wp-block-heading has-text-align-center with-empty-cart-icon wc-block-cart__empty-cart__title\">Your cart is currently empty!<\/h2>\n\n\n\n<hr class=\"wp-block-separator has-alpha-channel-opacity is-style-dots\"\/>\n\n\n\n<h2 class=\"wp-block-heading has-text-align-center\">New in store<\/h2>\n\n\n<div data-block-name=\"woocommerce\/product-new\" data-columns=\"4\" data-rows=\"1\" class=\"wc-block-grid wp-block-product-new wp-block-woocommerce-product-new wc-block-product-new has-4-columns\"><ul class=\"wc-block-grid__products\"><li class=\"wc-block-grid__product\">\n\t\t\t\t<a href=\"https:\/\/demo.wpslash.com\/woofood\/product\/artisan-cheese-board\/\" class=\"wc-block-grid__product-link\">\n\t\t\t\t\t\n\t\t\t\t\t<div class=\"wc-block-grid__product-image\"><img loading=\"lazy\" decoding=\"async\" width=\"300\" height=\"300\" src=\"https:\/\/demo.wpslash.com\/woofood\/wp-content\/uploads\/2025\/12\/cheese-board-300x300.jpg\" class=\"attachment-woocommerce_thumbnail size-woocommerce_thumbnail\" alt=\"Artisan Cheese Board\" srcset=\"https:\/\/demo.wpslash.com\/woofood\/wp-content\/uploads\/2025\/12\/cheese-board-300x300.jpg 300w, https:\/\/demo.wpslash.com\/woofood\/wp-content\/uploads\/2025\/12\/cheese-board-150x150.jpg 150w, https:\/\/demo.wpslash.com\/woofood\/wp-content\/uploads\/2025\/12\/cheese-board-768x768.jpg 768w, https:\/\/demo.wpslash.com\/woofood\/wp-content\/uploads\/2025\/12\/cheese-board-60x60.jpg 60w, https:\/\/demo.wpslash.com\/woofood\/wp-content\/uploads\/2025\/12\/cheese-board-400x400.jpg 400w, https:\/\/demo.wpslash.com\/woofood\/wp-content\/uploads\/2025\/12\/cheese-board-600x600.jpg 600w, https:\/\/demo.wpslash.com\/woofood\/wp-content\/uploads\/2025\/12\/cheese-board-100x100.jpg 100w, https:\/\/demo.wpslash.com\/woofood\/wp-content\/uploads\/2025\/12\/cheese-board.jpg 1024w\" sizes=\"auto, (max-width: 300px) 100vw, 300px\" \/><\/div>\n\t\t\t\t\t<div class=\"wc-block-grid__product-title\">Artisan Cheese Board<\/div>\n\t\t\t\t<\/a>\n\t\t\t\t<div class=\"wc-block-grid__product-price price\"><span class=\"woocommerce-Price-amount amount\"><span class=\"woocommerce-Price-currencySymbol\">&#036;<\/span>24.00<\/span><\/div>\n\t\t\t\t\n\t\t\t\t<div class=\"wp-block-button wc-block-grid__product-add-to-cart\"><a href=\"\/woofood\/wp-json\/wp\/v2\/pages\/12?add-to-cart=3173\" aria-label=\"Add to cart: &ldquo;Artisan Cheese Board&rdquo;\" data-quantity=\"1\" data-product_id=\"3173\" data-product_sku=\"\" data-price=\"24\" rel=\"nofollow\" class=\"wp-block-button__link  add_to_cart_button ajax_add_to_cart\">Add to cart<\/a><\/div>\n\t\t\t<\/li><li class=\"wc-block-grid__product\">\n\t\t\t\t<a href=\"https:\/\/demo.wpslash.com\/woofood\/product\/wine-selection-cabernet-sauvignon\/\" class=\"wc-block-grid__product-link\">\n\t\t\t\t\t\n\t\t\t\t\t<div class=\"wc-block-grid__product-image\"><img loading=\"lazy\" decoding=\"async\" width=\"300\" height=\"300\" src=\"https:\/\/demo.wpslash.com\/woofood\/wp-content\/uploads\/2025\/12\/wine-cabernet-300x300.jpg\" class=\"attachment-woocommerce_thumbnail size-woocommerce_thumbnail\" alt=\"Wine Selection - Cabernet Sauvignon\" srcset=\"https:\/\/demo.wpslash.com\/woofood\/wp-content\/uploads\/2025\/12\/wine-cabernet-300x300.jpg 300w, https:\/\/demo.wpslash.com\/woofood\/wp-content\/uploads\/2025\/12\/wine-cabernet-150x150.jpg 150w, https:\/\/demo.wpslash.com\/woofood\/wp-content\/uploads\/2025\/12\/wine-cabernet-768x768.jpg 768w, https:\/\/demo.wpslash.com\/woofood\/wp-content\/uploads\/2025\/12\/wine-cabernet-60x60.jpg 60w, https:\/\/demo.wpslash.com\/woofood\/wp-content\/uploads\/2025\/12\/wine-cabernet-400x400.jpg 400w, https:\/\/demo.wpslash.com\/woofood\/wp-content\/uploads\/2025\/12\/wine-cabernet-600x600.jpg 600w, https:\/\/demo.wpslash.com\/woofood\/wp-content\/uploads\/2025\/12\/wine-cabernet-100x100.jpg 100w, https:\/\/demo.wpslash.com\/woofood\/wp-content\/uploads\/2025\/12\/wine-cabernet.jpg 1024w\" sizes=\"auto, (max-width: 300px) 100vw, 300px\" \/><\/div>\n\t\t\t\t\t<div class=\"wc-block-grid__product-title\">Wine Selection &#8211; Cabernet Sauvignon<\/div>\n\t\t\t\t<\/a>\n\t\t\t\t<div class=\"wc-block-grid__product-price price\"><span class=\"woocommerce-Price-amount amount\"><span class=\"woocommerce-Price-currencySymbol\">&#036;<\/span>78.00<\/span><\/div>\n\t\t\t\t\n\t\t\t\t<div class=\"wp-block-button wc-block-grid__product-add-to-cart\"><a href=\"\/woofood\/wp-json\/wp\/v2\/pages\/12?add-to-cart=3171\" aria-label=\"Add to cart: &ldquo;Wine Selection - Cabernet Sauvignon&rdquo;\" data-quantity=\"1\" data-product_id=\"3171\" data-product_sku=\"\" data-price=\"78\" rel=\"nofollow\" class=\"wp-block-button__link  add_to_cart_button ajax_add_to_cart\">Add to cart<\/a><\/div>\n\t\t\t<\/li><li class=\"wc-block-grid__product\">\n\t\t\t\t<a href=\"https:\/\/demo.wpslash.com\/woofood\/product\/creme-brulee\/\" class=\"wc-block-grid__product-link\">\n\t\t\t\t\t\n\t\t\t\t\t<div class=\"wc-block-grid__product-image\"><img loading=\"lazy\" decoding=\"async\" width=\"300\" height=\"300\" src=\"https:\/\/demo.wpslash.com\/woofood\/wp-content\/uploads\/2025\/12\/creme-brulee-300x300.jpg\" class=\"attachment-woocommerce_thumbnail size-woocommerce_thumbnail\" alt=\"Cr\u00e8me Br\u00fbl\u00e9e\" srcset=\"https:\/\/demo.wpslash.com\/woofood\/wp-content\/uploads\/2025\/12\/creme-brulee-300x300.jpg 300w, https:\/\/demo.wpslash.com\/woofood\/wp-content\/uploads\/2025\/12\/creme-brulee-150x150.jpg 150w, https:\/\/demo.wpslash.com\/woofood\/wp-content\/uploads\/2025\/12\/creme-brulee-768x768.jpg 768w, https:\/\/demo.wpslash.com\/woofood\/wp-content\/uploads\/2025\/12\/creme-brulee-60x60.jpg 60w, https:\/\/demo.wpslash.com\/woofood\/wp-content\/uploads\/2025\/12\/creme-brulee-400x400.jpg 400w, https:\/\/demo.wpslash.com\/woofood\/wp-content\/uploads\/2025\/12\/creme-brulee-600x600.jpg 600w, https:\/\/demo.wpslash.com\/woofood\/wp-content\/uploads\/2025\/12\/creme-brulee-100x100.jpg 100w, https:\/\/demo.wpslash.com\/woofood\/wp-content\/uploads\/2025\/12\/creme-brulee.jpg 1024w\" sizes=\"auto, (max-width: 300px) 100vw, 300px\" \/><\/div>\n\t\t\t\t\t<div class=\"wc-block-grid__product-title\">Cr\u00e8me Br\u00fbl\u00e9e<\/div>\n\t\t\t\t<\/a>\n\t\t\t\t<div class=\"wc-block-grid__product-price price\"><span class=\"woocommerce-Price-amount amount\"><span class=\"woocommerce-Price-currencySymbol\">&#036;<\/span>12.00<\/span><\/div>\n\t\t\t\t\n\t\t\t\t<div class=\"wp-block-button wc-block-grid__product-add-to-cart\"><a href=\"\/woofood\/wp-json\/wp\/v2\/pages\/12?add-to-cart=3169\" aria-label=\"Add to cart: &ldquo;Cr\u00e8me Br\u00fbl\u00e9e&rdquo;\" data-quantity=\"1\" data-product_id=\"3169\" data-product_sku=\"\" data-price=\"12\" rel=\"nofollow\" class=\"wp-block-button__link  add_to_cart_button ajax_add_to_cart\">Add to cart<\/a><\/div>\n\t\t\t<\/li><li class=\"wc-block-grid__product\">\n\t\t\t\t<a href=\"https:\/\/demo.wpslash.com\/woofood\/product\/chocolate-souffle\/\" class=\"wc-block-grid__product-link\">\n\t\t\t\t\t\n\t\t\t\t\t<div class=\"wc-block-grid__product-image\"><img loading=\"lazy\" decoding=\"async\" width=\"300\" height=\"300\" src=\"https:\/\/demo.wpslash.com\/woofood\/wp-content\/uploads\/2025\/12\/chocolate-souffle-300x300.jpg\" class=\"attachment-woocommerce_thumbnail size-woocommerce_thumbnail\" alt=\"Chocolate Souffl\u00e9\" srcset=\"https:\/\/demo.wpslash.com\/woofood\/wp-content\/uploads\/2025\/12\/chocolate-souffle-300x300.jpg 300w, https:\/\/demo.wpslash.com\/woofood\/wp-content\/uploads\/2025\/12\/chocolate-souffle-150x150.jpg 150w, https:\/\/demo.wpslash.com\/woofood\/wp-content\/uploads\/2025\/12\/chocolate-souffle-768x768.jpg 768w, https:\/\/demo.wpslash.com\/woofood\/wp-content\/uploads\/2025\/12\/chocolate-souffle-60x60.jpg 60w, https:\/\/demo.wpslash.com\/woofood\/wp-content\/uploads\/2025\/12\/chocolate-souffle-400x400.jpg 400w, https:\/\/demo.wpslash.com\/woofood\/wp-content\/uploads\/2025\/12\/chocolate-souffle-600x600.jpg 600w, https:\/\/demo.wpslash.com\/woofood\/wp-content\/uploads\/2025\/12\/chocolate-souffle-100x100.jpg 100w, https:\/\/demo.wpslash.com\/woofood\/wp-content\/uploads\/2025\/12\/chocolate-souffle.jpg 1024w\" sizes=\"auto, (max-width: 300px) 100vw, 300px\" \/><\/div>\n\t\t\t\t\t<div class=\"wc-block-grid__product-title\">Chocolate Souffl\u00e9<\/div>\n\t\t\t\t<\/a>\n\t\t\t\t<div class=\"wc-block-grid__product-price price\"><span class=\"woocommerce-Price-amount amount\"><span class=\"woocommerce-Price-currencySymbol\">&#036;<\/span>16.00<\/span><\/div>\n\t\t\t\t\n\t\t\t\t<div class=\"wp-block-button wc-block-grid__product-add-to-cart\"><a href=\"\/woofood\/wp-json\/wp\/v2\/pages\/12?add-to-cart=3167\" aria-label=\"Add to cart: &ldquo;Chocolate Souffl\u00e9&rdquo;\" data-quantity=\"1\" data-product_id=\"3167\" data-product_sku=\"\" data-price=\"16\" rel=\"nofollow\" class=\"wp-block-button__link  add_to_cart_button ajax_add_to_cart\">Add to cart<\/a><\/div>\n\t\t\t<\/li><\/ul><\/div><\/div>\n<\/div>\n","protected":false},"excerpt":{"rendered":"","protected":false},"author":1,"featured_media":0,"parent":0,"menu_order":0,"comment_status":"closed","ping_status":"closed","template":"","meta":{"footnotes":""},"class_list":["post-12","page","type-page","status-publish","hentry"],"_links":{"self":[{"href":"https:\/\/demo.wpslash.com\/woofood\/wp-json\/wp\/v2\/pages\/12","targetHints":{"allow":["GET"]}}],"collection":[{"href":"https:\/\/demo.wpslash.com\/woofood\/wp-json\/wp\/v2\/pages"}],"about":[{"href":"https:\/\/demo.wpslash.com\/woofood\/wp-json\/wp\/v2\/types\/page"}],"author":[{"embeddable":true,"href":"https:\/\/demo.wpslash.com\/woofood\/wp-json\/wp\/v2\/users\/1"}],"replies":[{"embeddable":true,"href":"https:\/\/demo.wpslash.com\/woofood\/wp-json\/wp\/v2\/comments?post=12"}],"version-history":[{"count":2,"href":"https:\/\/demo.wpslash.com\/woofood\/wp-json\/wp\/v2\/pages\/12\/revisions"}],"predecessor-version":[{"id":3151,"href":"https:\/\/demo.wpslash.com\/woofood\/wp-json\/wp\/v2\/pages\/12\/revisions\/3151"}],"wp:attachment":[{"href":"https:\/\/demo.wpslash.com\/woofood\/wp-json\/wp\/v2\/media?parent=12"}],"curies":[{"name":"wp","href":"https:\/\/api.w.org\/{rel}","templated":true}]}}